{"id":6,"date":"2026-03-31T10:06:37","date_gmt":"2026-03-31T10:06:37","guid":{"rendered":"https:\/\/arfimobilya.com.tr\/?page_id=6"},"modified":"2026-04-07T17:39:56","modified_gmt":"2026-04-07T17:39:56","slug":"ana-sayfa","status":"publish","type":"page","link":"https:\/\/afsanmobilya.com\/","title":{"rendered":"Ana sayfa"},"content":{"rendered":"\t\t<div data-elementor-type=\"wp-page\" data-elementor-id=\"6\" class=\"elementor elementor-6\">\n\t\t\t\t<div class=\"elementor-element elementor-element-dbdaeed e-con-full e-flex wpr-particle-no wpr-jarallax-no wpr-parallax-no wpr-sticky-section-no e-con e-parent\" data-id=\"dbdaeed\" data-element_type=\"container\" data-e-type=\"container\" data-settings=\"{&quot;background_background&quot;:&quot;slideshow&quot;,&quot;background_slideshow_gallery&quot;:[{&quot;id&quot;:45,&quot;url&quot;:&quot;https:\\\/\\\/afsanmobilya.com\\\/wp-content\\\/uploads\\\/2026\\\/03\\\/arfi-mobilya-slider-1.jpg&quot;},{&quot;id&quot;:46,&quot;url&quot;:&quot;https:\\\/\\\/afsanmobilya.com\\\/wp-content\\\/uploads\\\/2026\\\/03\\\/arfi-mobilya-slider-2.jpg&quot;},{&quot;id&quot;:48,&quot;url&quot;:&quot;https:\\\/\\\/afsanmobilya.com\\\/wp-content\\\/uploads\\\/2026\\\/03\\\/arfi-mobilya-slider-4.jpg&quot;}],&quot;background_slideshow_ken_burns&quot;:&quot;yes&quot;,&quot;background_slideshow_loop&quot;:&quot;yes&quot;,&quot;background_slideshow_slide_duration&quot;:5000,&quot;background_slideshow_slide_transition&quot;:&quot;fade&quot;,&quot;background_slideshow_transition_duration&quot;:500,&quot;background_slideshow_ken_burns_zoom_direction&quot;:&quot;in&quot;}\">\n\t\t<div class=\"elementor-element elementor-element-763ae5a e-flex e-con-boxed wpr-particle-no wpr-jarallax-no wpr-parallax-no wpr-sticky-section-no e-con e-child\" data-id=\"763ae5a\" data-element_type=\"container\" data-e-type=\"container\">\n\t\t\t\t\t<div class=\"e-con-inner\">\n\t\t\t\t\t<\/div>\n\t\t\t\t<\/div>\n\t\t\t\t<\/div>\n\t\t<div class=\"elementor-element elementor-element-4b336d2 e-con-full e-flex wpr-particle-no wpr-jarallax-no wpr-parallax-no wpr-sticky-section-no e-con e-parent\" data-id=\"4b336d2\" data-element_type=\"container\" data-e-type=\"container\">\n\t\t<div class=\"elementor-element elementor-element-74a52eb e-con-full e-flex wpr-particle-no wpr-jarallax-no wpr-parallax-no wpr-sticky-section-no e-con e-child\" data-id=\"74a52eb\" data-element_type=\"container\" data-e-type=\"container\">\n\t\t\t\t<div class=\"elementor-element elementor-element-96d9455 elementor-invisible elementor-widget elementor-widget-image\" data-id=\"96d9455\" data-element_type=\"widget\" data-e-type=\"widget\" data-settings=\"{&quot;_animation&quot;:&quot;fadeIn&quot;}\" data-widget_type=\"image.default\">\n\t\t\t\t\t\t\t\t\t\t\t\t\t\t\t<img fetchpriority=\"high\" decoding=\"async\" width=\"1024\" height=\"576\" src=\"https:\/\/afsanmobilya.com\/wp-content\/uploads\/2026\/03\/WhatsApp-Image-2026-03-30-at-20.56.121-1024x576.jpeg\" class=\"attachment-large size-large wp-image-120\" alt=\"\" srcset=\"https:\/\/afsanmobilya.com\/wp-content\/uploads\/2026\/03\/WhatsApp-Image-2026-03-30-at-20.56.121-1024x576.jpeg 1024w, https:\/\/afsanmobilya.com\/wp-content\/uploads\/2026\/03\/WhatsApp-Image-2026-03-30-at-20.56.121-300x169.jpeg 300w, https:\/\/afsanmobilya.com\/wp-content\/uploads\/2026\/03\/WhatsApp-Image-2026-03-30-at-20.56.121-768x432.jpeg 768w, https:\/\/afsanmobilya.com\/wp-content\/uploads\/2026\/03\/WhatsApp-Image-2026-03-30-at-20.56.121-1536x864.jpeg 1536w, https:\/\/afsanmobilya.com\/wp-content\/uploads\/2026\/03\/WhatsApp-Image-2026-03-30-at-20.56.121-600x338.jpeg 600w, https:\/\/afsanmobilya.com\/wp-content\/uploads\/2026\/03\/WhatsApp-Image-2026-03-30-at-20.56.121.jpeg 1600w\" sizes=\"(max-width: 1024px) 100vw, 1024px\" \/>\t\t\t\t\t\t\t\t\t\t\t\t\t\t\t<\/div>\n\t\t\t\t<\/div>\n\t\t<div class=\"elementor-element elementor-element-71dae84 e-con-full e-flex wpr-particle-no wpr-jarallax-no wpr-parallax-no wpr-sticky-section-no e-con e-child\" data-id=\"71dae84\" data-element_type=\"container\" data-e-type=\"container\">\n\t\t\t\t<div class=\"elementor-element elementor-element-c536b80 elementor-invisible elementor-widget elementor-widget-image\" data-id=\"c536b80\" data-element_type=\"widget\" data-e-type=\"widget\" data-settings=\"{&quot;_animation&quot;:&quot;fadeIn&quot;}\" data-widget_type=\"image.default\">\n\t\t\t\t\t\t\t\t\t\t\t\t\t\t\t<img decoding=\"async\" width=\"934\" height=\"468\" src=\"https:\/\/afsanmobilya.com\/wp-content\/uploads\/2026\/04\/afsan-selection-.jpg\" class=\"attachment-large size-large wp-image-300\" alt=\"\" srcset=\"https:\/\/afsanmobilya.com\/wp-content\/uploads\/2026\/04\/afsan-selection-.jpg 934w, https:\/\/afsanmobilya.com\/wp-content\/uploads\/2026\/04\/afsan-selection--300x150.jpg 300w, https:\/\/afsanmobilya.com\/wp-content\/uploads\/2026\/04\/afsan-selection--768x385.jpg 768w, https:\/\/afsanmobilya.com\/wp-content\/uploads\/2026\/04\/afsan-selection--600x301.jpg 600w\" sizes=\"(max-width: 934px) 100vw, 934px\" \/>\t\t\t\t\t\t\t\t\t\t\t\t\t\t\t<\/div>\n\t\t\t\t<\/div>\n\t\t\t\t<\/div>\n\t\t<div class=\"elementor-element elementor-element-97c377a e-flex e-con-boxed wpr-particle-no wpr-jarallax-no wpr-parallax-no wpr-sticky-section-no e-con e-parent\" data-id=\"97c377a\" data-element_type=\"container\" data-e-type=\"container\">\n\t\t\t\t\t<div class=\"e-con-inner\">\n\t\t<div class=\"elementor-element elementor-element-c2afa3d e-con-full e-flex wpr-particle-no wpr-jarallax-no wpr-parallax-no wpr-sticky-section-no e-con e-child\" data-id=\"c2afa3d\" data-element_type=\"container\" data-e-type=\"container\">\n\t\t\t\t<div class=\"elementor-element elementor-element-09dc6b1 wpr-pc-btn-align-fixed-left wpr-pc-btn-icon-left wpr-pc-btn-align-fixed elementor-invisible elementor-widget elementor-widget-wpr-phone-call\" data-id=\"09dc6b1\" data-element_type=\"widget\" data-e-type=\"widget\" data-settings=\"{&quot;_animation&quot;:&quot;fadeInLeft&quot;}\" data-widget_type=\"wpr-phone-call.default\">\n\t\t\t\t\t<div class=\"wpr-pc-wrapper\"><a href=\"tel:05428296988\" class=\"wpr-pc-btn\"><div class=\"wpr-pc-content\"><span class=\"wpr-pc-text\">Hemen ara<\/span><span class=\"wpr-pc-btn-icon\"><svg class=\"e-font-icon-svg e-fas-phone\" viewBox=\"0 0 512 512\" xmlns=\"http:\/\/www.w3.org\/2000\/svg\"><path d=\"M493.4 24.6l-104-24c-11.3-2.6-22.9 3.3-27.5 13.9l-48 112c-4.2 9.8-1.4 21.3 6.9 28l60.6 49.6c-36 76.7-98.9 140.5-177.2 177.2l-49.6-60.6c-6.8-8.3-18.2-11.1-28-6.9l-112 48C3.9 366.5-2 378.1.6 389.4l24 104C27.1 504.2 36.7 512 48 512c256.1 0 464-207.5 464-464 0-11.2-7.7-20.9-18.6-23.4z\"><\/path><\/svg><\/span><\/div><\/a><\/div>\t\t\t\t<\/div>\n\t\t\t\t<\/div>\n\t\t\t\t\t<\/div>\n\t\t\t\t<\/div>\n\t\t<div class=\"elementor-element elementor-element-2af25c3 e-flex e-con-boxed wpr-particle-no wpr-jarallax-no wpr-parallax-no wpr-sticky-section-no elementor-invisible e-con e-parent\" data-id=\"2af25c3\" data-element_type=\"container\" data-e-type=\"container\" data-settings=\"{&quot;animation&quot;:&quot;fadeInUp&quot;}\">\n\t\t\t\t\t<div class=\"e-con-inner\">\n\t\t\t\t<div class=\"elementor-element elementor-element-17c31d9 elementor-widget elementor-widget-heading\" data-id=\"17c31d9\" data-element_type=\"widget\" data-e-type=\"widget\" data-widget_type=\"heading.default\">\n\t\t\t\t\t<h2 class=\"elementor-heading-title elementor-size-default\">Referanslar\u0131m\u0131zdan...<\/h2>\t\t\t\t<\/div>\n\t\t\t\t\t<\/div>\n\t\t\t\t<\/div>\n\t\t<div class=\"elementor-element elementor-element-7586b38 e-con-full e-flex wpr-particle-no wpr-jarallax-no wpr-parallax-no wpr-sticky-section-no e-con e-parent\" data-id=\"7586b38\" data-element_type=\"container\" data-e-type=\"container\">\n\t\t<div class=\"elementor-element elementor-element-36afe22 e-flex e-con-boxed wpr-particle-no wpr-jarallax-no wpr-parallax-no wpr-sticky-section-no e-con e-child\" data-id=\"36afe22\" data-element_type=\"container\" data-e-type=\"container\">\n\t\t\t\t\t<div class=\"e-con-inner\">\n\t\t\t\t<div class=\"elementor-element elementor-element-13241bf elementor-widget elementor-widget-image-gallery\" data-id=\"13241bf\" data-element_type=\"widget\" data-e-type=\"widget\" data-widget_type=\"image-gallery.default\">\n\t\t\t\t\t\t\t<div class=\"elementor-image-gallery\">\n\t\t\t<div id='gallery-1' class='gallery galleryid-6 gallery-columns-3 gallery-size-full'><figure class='gallery-item'>\n\t\t\t<div class='gallery-icon landscape'>\n\t\t\t\t<a data-elementor-open-lightbox=\"yes\" data-elementor-lightbox-slideshow=\"13241bf\" data-elementor-lightbox-title=\"flipbox-9\" data-e-action-hash=\"#elementor-action%3Aaction%3Dlightbox%26settings%3DeyJpZCI6MTUwLCJ1cmwiOiJodHRwczpcL1wvYWZzYW5tb2JpbHlhLmNvbVwvd3AtY29udGVudFwvdXBsb2Fkc1wvMjAyNlwvMDRcL2ZsaXBib3gtOS5qcGciLCJzbGlkZXNob3ciOiIxMzI0MWJmIn0%3D\" href='https:\/\/afsanmobilya.com\/wp-content\/uploads\/2026\/04\/flipbox-9.jpg'><img decoding=\"async\" width=\"1600\" height=\"1130\" src=\"https:\/\/afsanmobilya.com\/wp-content\/uploads\/2026\/04\/flipbox-9.jpg\" class=\"attachment-full size-full\" alt=\"\" srcset=\"https:\/\/afsanmobilya.com\/wp-content\/uploads\/2026\/04\/flipbox-9.jpg 1600w, https:\/\/afsanmobilya.com\/wp-content\/uploads\/2026\/04\/flipbox-9-300x212.jpg 300w, https:\/\/afsanmobilya.com\/wp-content\/uploads\/2026\/04\/flipbox-9-1024x723.jpg 1024w, https:\/\/afsanmobilya.com\/wp-content\/uploads\/2026\/04\/flipbox-9-768x542.jpg 768w, https:\/\/afsanmobilya.com\/wp-content\/uploads\/2026\/04\/flipbox-9-1536x1085.jpg 1536w, https:\/\/afsanmobilya.com\/wp-content\/uploads\/2026\/04\/flipbox-9-600x424.jpg 600w\" sizes=\"(max-width: 1600px) 100vw, 1600px\" \/><\/a>\n\t\t\t<\/div><\/figure><figure class='gallery-item'>\n\t\t\t<div class='gallery-icon landscape'>\n\t\t\t\t<a data-elementor-open-lightbox=\"yes\" data-elementor-lightbox-slideshow=\"13241bf\" data-elementor-lightbox-title=\"flipbox-8\" data-e-action-hash=\"#elementor-action%3Aaction%3Dlightbox%26settings%3DeyJpZCI6MTQ4LCJ1cmwiOiJodHRwczpcL1wvYWZzYW5tb2JpbHlhLmNvbVwvd3AtY29udGVudFwvdXBsb2Fkc1wvMjAyNlwvMDRcL2ZsaXBib3gtOC5qcGciLCJzbGlkZXNob3ciOiIxMzI0MWJmIn0%3D\" href='https:\/\/afsanmobilya.com\/wp-content\/uploads\/2026\/04\/flipbox-8.jpg'><img loading=\"lazy\" decoding=\"async\" width=\"1600\" height=\"1130\" src=\"https:\/\/afsanmobilya.com\/wp-content\/uploads\/2026\/04\/flipbox-8.jpg\" class=\"attachment-full size-full\" alt=\"\" srcset=\"https:\/\/afsanmobilya.com\/wp-content\/uploads\/2026\/04\/flipbox-8.jpg 1600w, https:\/\/afsanmobilya.com\/wp-content\/uploads\/2026\/04\/flipbox-8-300x212.jpg 300w, https:\/\/afsanmobilya.com\/wp-content\/uploads\/2026\/04\/flipbox-8-1024x723.jpg 1024w, https:\/\/afsanmobilya.com\/wp-content\/uploads\/2026\/04\/flipbox-8-768x542.jpg 768w, https:\/\/afsanmobilya.com\/wp-content\/uploads\/2026\/04\/flipbox-8-1536x1085.jpg 1536w, https:\/\/afsanmobilya.com\/wp-content\/uploads\/2026\/04\/flipbox-8-600x424.jpg 600w\" sizes=\"(max-width: 1600px) 100vw, 1600px\" \/><\/a>\n\t\t\t<\/div><\/figure><figure class='gallery-item'>\n\t\t\t<div class='gallery-icon landscape'>\n\t\t\t\t<a data-elementor-open-lightbox=\"yes\" data-elementor-lightbox-slideshow=\"13241bf\" data-elementor-lightbox-title=\"flipbox-7\" data-e-action-hash=\"#elementor-action%3Aaction%3Dlightbox%26settings%3DeyJpZCI6MTQ3LCJ1cmwiOiJodHRwczpcL1wvYWZzYW5tb2JpbHlhLmNvbVwvd3AtY29udGVudFwvdXBsb2Fkc1wvMjAyNlwvMDRcL2ZsaXBib3gtNy5qcGciLCJzbGlkZXNob3ciOiIxMzI0MWJmIn0%3D\" href='https:\/\/afsanmobilya.com\/wp-content\/uploads\/2026\/04\/flipbox-7.jpg'><img loading=\"lazy\" decoding=\"async\" width=\"1600\" height=\"1130\" src=\"https:\/\/afsanmobilya.com\/wp-content\/uploads\/2026\/04\/flipbox-7.jpg\" class=\"attachment-full size-full\" alt=\"\" srcset=\"https:\/\/afsanmobilya.com\/wp-content\/uploads\/2026\/04\/flipbox-7.jpg 1600w, https:\/\/afsanmobilya.com\/wp-content\/uploads\/2026\/04\/flipbox-7-300x212.jpg 300w, https:\/\/afsanmobilya.com\/wp-content\/uploads\/2026\/04\/flipbox-7-1024x723.jpg 1024w, https:\/\/afsanmobilya.com\/wp-content\/uploads\/2026\/04\/flipbox-7-768x542.jpg 768w, https:\/\/afsanmobilya.com\/wp-content\/uploads\/2026\/04\/flipbox-7-1536x1085.jpg 1536w, https:\/\/afsanmobilya.com\/wp-content\/uploads\/2026\/04\/flipbox-7-600x424.jpg 600w\" sizes=\"(max-width: 1600px) 100vw, 1600px\" \/><\/a>\n\t\t\t<\/div><\/figure><figure class='gallery-item'>\n\t\t\t<div class='gallery-icon landscape'>\n\t\t\t\t<a data-elementor-open-lightbox=\"yes\" data-elementor-lightbox-slideshow=\"13241bf\" data-elementor-lightbox-title=\"flipbox-6\" data-e-action-hash=\"#elementor-action%3Aaction%3Dlightbox%26settings%3DeyJpZCI6MTQ2LCJ1cmwiOiJodHRwczpcL1wvYWZzYW5tb2JpbHlhLmNvbVwvd3AtY29udGVudFwvdXBsb2Fkc1wvMjAyNlwvMDRcL2ZsaXBib3gtNi5qcGciLCJzbGlkZXNob3ciOiIxMzI0MWJmIn0%3D\" href='https:\/\/afsanmobilya.com\/wp-content\/uploads\/2026\/04\/flipbox-6.jpg'><img loading=\"lazy\" decoding=\"async\" width=\"1600\" height=\"1130\" src=\"https:\/\/afsanmobilya.com\/wp-content\/uploads\/2026\/04\/flipbox-6.jpg\" class=\"attachment-full size-full\" alt=\"\" srcset=\"https:\/\/afsanmobilya.com\/wp-content\/uploads\/2026\/04\/flipbox-6.jpg 1600w, https:\/\/afsanmobilya.com\/wp-content\/uploads\/2026\/04\/flipbox-6-300x212.jpg 300w, https:\/\/afsanmobilya.com\/wp-content\/uploads\/2026\/04\/flipbox-6-1024x723.jpg 1024w, https:\/\/afsanmobilya.com\/wp-content\/uploads\/2026\/04\/flipbox-6-768x542.jpg 768w, https:\/\/afsanmobilya.com\/wp-content\/uploads\/2026\/04\/flipbox-6-1536x1085.jpg 1536w, https:\/\/afsanmobilya.com\/wp-content\/uploads\/2026\/04\/flipbox-6-600x424.jpg 600w\" sizes=\"(max-width: 1600px) 100vw, 1600px\" \/><\/a>\n\t\t\t<\/div><\/figure><figure class='gallery-item'>\n\t\t\t<div class='gallery-icon landscape'>\n\t\t\t\t<a data-elementor-open-lightbox=\"yes\" data-elementor-lightbox-slideshow=\"13241bf\" data-elementor-lightbox-title=\"flipbox-5\" data-e-action-hash=\"#elementor-action%3Aaction%3Dlightbox%26settings%3DeyJpZCI6MTQ1LCJ1cmwiOiJodHRwczpcL1wvYWZzYW5tb2JpbHlhLmNvbVwvd3AtY29udGVudFwvdXBsb2Fkc1wvMjAyNlwvMDRcL2ZsaXBib3gtNS5qcGciLCJzbGlkZXNob3ciOiIxMzI0MWJmIn0%3D\" href='https:\/\/afsanmobilya.com\/wp-content\/uploads\/2026\/04\/flipbox-5.jpg'><img loading=\"lazy\" decoding=\"async\" width=\"1600\" height=\"1130\" src=\"https:\/\/afsanmobilya.com\/wp-content\/uploads\/2026\/04\/flipbox-5.jpg\" class=\"attachment-full size-full\" alt=\"\" srcset=\"https:\/\/afsanmobilya.com\/wp-content\/uploads\/2026\/04\/flipbox-5.jpg 1600w, https:\/\/afsanmobilya.com\/wp-content\/uploads\/2026\/04\/flipbox-5-300x212.jpg 300w, https:\/\/afsanmobilya.com\/wp-content\/uploads\/2026\/04\/flipbox-5-1024x723.jpg 1024w, https:\/\/afsanmobilya.com\/wp-content\/uploads\/2026\/04\/flipbox-5-768x542.jpg 768w, https:\/\/afsanmobilya.com\/wp-content\/uploads\/2026\/04\/flipbox-5-1536x1085.jpg 1536w, https:\/\/afsanmobilya.com\/wp-content\/uploads\/2026\/04\/flipbox-5-600x424.jpg 600w\" sizes=\"(max-width: 1600px) 100vw, 1600px\" \/><\/a>\n\t\t\t<\/div><\/figure><figure class='gallery-item'>\n\t\t\t<div class='gallery-icon landscape'>\n\t\t\t\t<a data-elementor-open-lightbox=\"yes\" data-elementor-lightbox-slideshow=\"13241bf\" data-elementor-lightbox-title=\"flipbox-4\" data-e-action-hash=\"#elementor-action%3Aaction%3Dlightbox%26settings%3DeyJpZCI6MTQ0LCJ1cmwiOiJodHRwczpcL1wvYWZzYW5tb2JpbHlhLmNvbVwvd3AtY29udGVudFwvdXBsb2Fkc1wvMjAyNlwvMDRcL2ZsaXBib3gtNC5qcGciLCJzbGlkZXNob3ciOiIxMzI0MWJmIn0%3D\" href='https:\/\/afsanmobilya.com\/wp-content\/uploads\/2026\/04\/flipbox-4.jpg'><img loading=\"lazy\" decoding=\"async\" width=\"1600\" height=\"1130\" src=\"https:\/\/afsanmobilya.com\/wp-content\/uploads\/2026\/04\/flipbox-4.jpg\" class=\"attachment-full size-full\" alt=\"\" srcset=\"https:\/\/afsanmobilya.com\/wp-content\/uploads\/2026\/04\/flipbox-4.jpg 1600w, https:\/\/afsanmobilya.com\/wp-content\/uploads\/2026\/04\/flipbox-4-300x212.jpg 300w, https:\/\/afsanmobilya.com\/wp-content\/uploads\/2026\/04\/flipbox-4-1024x723.jpg 1024w, https:\/\/afsanmobilya.com\/wp-content\/uploads\/2026\/04\/flipbox-4-768x542.jpg 768w, https:\/\/afsanmobilya.com\/wp-content\/uploads\/2026\/04\/flipbox-4-1536x1085.jpg 1536w, https:\/\/afsanmobilya.com\/wp-content\/uploads\/2026\/04\/flipbox-4-600x424.jpg 600w\" sizes=\"(max-width: 1600px) 100vw, 1600px\" \/><\/a>\n\t\t\t<\/div><\/figure><figure class='gallery-item'>\n\t\t\t<div class='gallery-icon landscape'>\n\t\t\t\t<a data-elementor-open-lightbox=\"yes\" data-elementor-lightbox-slideshow=\"13241bf\" data-elementor-lightbox-title=\"flipbox-3\" data-e-action-hash=\"#elementor-action%3Aaction%3Dlightbox%26settings%3DeyJpZCI6MTQzLCJ1cmwiOiJodHRwczpcL1wvYWZzYW5tb2JpbHlhLmNvbVwvd3AtY29udGVudFwvdXBsb2Fkc1wvMjAyNlwvMDRcL2ZsaXBib3gtMy5qcGciLCJzbGlkZXNob3ciOiIxMzI0MWJmIn0%3D\" href='https:\/\/afsanmobilya.com\/wp-content\/uploads\/2026\/04\/flipbox-3.jpg'><img loading=\"lazy\" decoding=\"async\" width=\"1600\" height=\"1130\" src=\"https:\/\/afsanmobilya.com\/wp-content\/uploads\/2026\/04\/flipbox-3.jpg\" class=\"attachment-full size-full\" alt=\"\" srcset=\"https:\/\/afsanmobilya.com\/wp-content\/uploads\/2026\/04\/flipbox-3.jpg 1600w, https:\/\/afsanmobilya.com\/wp-content\/uploads\/2026\/04\/flipbox-3-300x212.jpg 300w, https:\/\/afsanmobilya.com\/wp-content\/uploads\/2026\/04\/flipbox-3-1024x723.jpg 1024w, https:\/\/afsanmobilya.com\/wp-content\/uploads\/2026\/04\/flipbox-3-768x542.jpg 768w, https:\/\/afsanmobilya.com\/wp-content\/uploads\/2026\/04\/flipbox-3-1536x1085.jpg 1536w, https:\/\/afsanmobilya.com\/wp-content\/uploads\/2026\/04\/flipbox-3-600x424.jpg 600w\" sizes=\"(max-width: 1600px) 100vw, 1600px\" \/><\/a>\n\t\t\t<\/div><\/figure><figure class='gallery-item'>\n\t\t\t<div class='gallery-icon landscape'>\n\t\t\t\t<a data-elementor-open-lightbox=\"yes\" data-elementor-lightbox-slideshow=\"13241bf\" data-elementor-lightbox-title=\"flipbox-2\" data-e-action-hash=\"#elementor-action%3Aaction%3Dlightbox%26settings%3DeyJpZCI6MTQyLCJ1cmwiOiJodHRwczpcL1wvYWZzYW5tb2JpbHlhLmNvbVwvd3AtY29udGVudFwvdXBsb2Fkc1wvMjAyNlwvMDRcL2ZsaXBib3gtMi5qcGciLCJzbGlkZXNob3ciOiIxMzI0MWJmIn0%3D\" href='https:\/\/afsanmobilya.com\/wp-content\/uploads\/2026\/04\/flipbox-2.jpg'><img loading=\"lazy\" decoding=\"async\" width=\"1600\" height=\"1130\" src=\"https:\/\/afsanmobilya.com\/wp-content\/uploads\/2026\/04\/flipbox-2.jpg\" class=\"attachment-full size-full\" alt=\"\" srcset=\"https:\/\/afsanmobilya.com\/wp-content\/uploads\/2026\/04\/flipbox-2.jpg 1600w, https:\/\/afsanmobilya.com\/wp-content\/uploads\/2026\/04\/flipbox-2-300x212.jpg 300w, https:\/\/afsanmobilya.com\/wp-content\/uploads\/2026\/04\/flipbox-2-1024x723.jpg 1024w, https:\/\/afsanmobilya.com\/wp-content\/uploads\/2026\/04\/flipbox-2-768x542.jpg 768w, https:\/\/afsanmobilya.com\/wp-content\/uploads\/2026\/04\/flipbox-2-1536x1085.jpg 1536w, https:\/\/afsanmobilya.com\/wp-content\/uploads\/2026\/04\/flipbox-2-600x424.jpg 600w\" sizes=\"(max-width: 1600px) 100vw, 1600px\" \/><\/a>\n\t\t\t<\/div><\/figure><figure class='gallery-item'>\n\t\t\t<div class='gallery-icon landscape'>\n\t\t\t\t<a data-elementor-open-lightbox=\"yes\" data-elementor-lightbox-slideshow=\"13241bf\" data-elementor-lightbox-title=\"flipbox-1\" data-e-action-hash=\"#elementor-action%3Aaction%3Dlightbox%26settings%3DeyJpZCI6MTQxLCJ1cmwiOiJodHRwczpcL1wvYWZzYW5tb2JpbHlhLmNvbVwvd3AtY29udGVudFwvdXBsb2Fkc1wvMjAyNlwvMDRcL2ZsaXBib3gtMS5qcGciLCJzbGlkZXNob3ciOiIxMzI0MWJmIn0%3D\" href='https:\/\/afsanmobilya.com\/wp-content\/uploads\/2026\/04\/flipbox-1.jpg'><img loading=\"lazy\" decoding=\"async\" width=\"1600\" height=\"1130\" src=\"https:\/\/afsanmobilya.com\/wp-content\/uploads\/2026\/04\/flipbox-1.jpg\" class=\"attachment-full size-full\" alt=\"\" srcset=\"https:\/\/afsanmobilya.com\/wp-content\/uploads\/2026\/04\/flipbox-1.jpg 1600w, https:\/\/afsanmobilya.com\/wp-content\/uploads\/2026\/04\/flipbox-1-300x212.jpg 300w, https:\/\/afsanmobilya.com\/wp-content\/uploads\/2026\/04\/flipbox-1-1024x723.jpg 1024w, https:\/\/afsanmobilya.com\/wp-content\/uploads\/2026\/04\/flipbox-1-768x542.jpg 768w, https:\/\/afsanmobilya.com\/wp-content\/uploads\/2026\/04\/flipbox-1-1536x1085.jpg 1536w, https:\/\/afsanmobilya.com\/wp-content\/uploads\/2026\/04\/flipbox-1-600x424.jpg 600w\" sizes=\"(max-width: 1600px) 100vw, 1600px\" \/><\/a>\n\t\t\t<\/div><\/figure>\n\t\t<\/div>\n\t\t<\/div>\n\t\t\t\t\t\t<\/div>\n\t\t\t\t\t<\/div>\n\t\t\t\t<\/div>\n\t\t\t\t<\/div>\n\t\t<div class=\"elementor-element elementor-element-a074262 e-con-full e-flex wpr-particle-no wpr-jarallax-no wpr-parallax-no wpr-sticky-section-no e-con e-parent\" data-id=\"a074262\" data-element_type=\"container\" data-e-type=\"container\" data-settings=\"{&quot;background_background&quot;:&quot;gradient&quot;}\">\n\t\t\t\t<div class=\"elementor-element elementor-element-51a8a52 elementor-widget elementor-widget-image-carousel\" data-id=\"51a8a52\" data-element_type=\"widget\" data-e-type=\"widget\" data-settings=\"{&quot;slides_to_show&quot;:&quot;2&quot;,&quot;navigation&quot;:&quot;none&quot;,&quot;image_spacing_custom&quot;:{&quot;unit&quot;:&quot;px&quot;,&quot;size&quot;:90,&quot;sizes&quot;:[]},&quot;autoplay&quot;:&quot;yes&quot;,&quot;pause_on_hover&quot;:&quot;yes&quot;,&quot;pause_on_interaction&quot;:&quot;yes&quot;,&quot;autoplay_speed&quot;:5000,&quot;infinite&quot;:&quot;yes&quot;,&quot;speed&quot;:500,&quot;image_spacing_custom_tablet&quot;:{&quot;unit&quot;:&quot;px&quot;,&quot;size&quot;:&quot;&quot;,&quot;sizes&quot;:[]},&quot;image_spacing_custom_mobile&quot;:{&quot;unit&quot;:&quot;px&quot;,&quot;size&quot;:&quot;&quot;,&quot;sizes&quot;:[]}}\" data-widget_type=\"image-carousel.default\">\n\t\t\t\t\t\t\t<div class=\"elementor-image-carousel-wrapper swiper\" role=\"region\" aria-roledescription=\"carousel\" aria-label=\"Resim D\u00f6ng\u00fcs\u00fc\" dir=\"ltr\">\n\t\t\t<div class=\"elementor-image-carousel swiper-wrapper\" aria-live=\"off\">\n\t\t\t\t\t\t\t\t<div class=\"swiper-slide\" role=\"group\" aria-roledescription=\"slide\" aria-label=\"1 \/ 3\"><figure class=\"swiper-slide-inner\"><img decoding=\"async\" class=\"swiper-slide-image\" src=\"https:\/\/afsanmobilya.com\/wp-content\/uploads\/2026\/03\/yan1.png\" alt=\"yan1\" \/><\/figure><\/div><div class=\"swiper-slide\" role=\"group\" aria-roledescription=\"slide\" aria-label=\"2 \/ 3\"><figure class=\"swiper-slide-inner\"><img decoding=\"async\" class=\"swiper-slide-image\" src=\"https:\/\/afsanmobilya.com\/wp-content\/uploads\/2026\/03\/yan2.png\" alt=\"yan2\" \/><\/figure><\/div><div class=\"swiper-slide\" role=\"group\" aria-roledescription=\"slide\" aria-label=\"3 \/ 3\"><figure class=\"swiper-slide-inner\"><img decoding=\"async\" class=\"swiper-slide-image\" src=\"https:\/\/afsanmobilya.com\/wp-content\/uploads\/2026\/03\/yan3.png\" alt=\"yan3\" \/><\/figure><\/div>\t\t\t<\/div>\n\t\t\t\t\t\t\t\n\t\t\t\t\t\t\t\t\t<\/div>\n\t\t\t\t\t\t<\/div>\n\t\t\t\t<\/div>\n\t\t<div class=\"elementor-element elementor-element-5230050 e-con-full e-flex wpr-particle-no wpr-jarallax-no wpr-parallax-no wpr-sticky-section-no e-con e-parent\" data-id=\"5230050\" data-element_type=\"container\" data-e-type=\"container\" data-settings=\"{&quot;background_background&quot;:&quot;gradient&quot;}\">\n\t\t\t\t<div class=\"elementor-element elementor-element-0029e0d elementor-widget elementor-widget-qi_addons_for_elementor_text_marquee\" data-id=\"0029e0d\" data-element_type=\"widget\" data-e-type=\"widget\" data-widget_type=\"qi_addons_for_elementor_text_marquee.default\">\n\t\t\t\t<div class=\"elementor-widget-container\">\n\t\t\t\t\t<div class=\"qodef-shortcode qodef-m qodef-qi-text-marquee qodef-layout--default qodef-text-stroke-effect\">\n\t<div class=\"qodef-m-content\">\n\t\t<div class=\"qodef-m-text qodef-text--original\">\n\t\t\t\t\t\t\t<span class=\"qodef-m-text-item elementor-repeater-item-4e4218c\" >Oturma Guruplar\u0131<\/span>\n\t\t\t\t\t\t\t\t\t\t\t<span class=\"qodef-m-text-item elementor-repeater-item-c51472d\" >Mutfak dolaplar\u0131<\/span>\n\t\t\t\t\t\t\t\t\t\t\t<span class=\"qodef-m-text-item elementor-repeater-item-9a94e15\" >Yemek odalar\u0131<\/span>\n\t\t\t\t\t\t\t\t\t\t\t<span class=\"qodef-m-text-item elementor-repeater-item-3f56d6f\" >Gardroplar<\/span>\n\t\t\t\t\t\t\t\t\t\t\t<span class=\"qodef-m-text-item elementor-repeater-item-52c8ed2\" >\u00c7ocuk odalar\u0131<\/span>\n\t\t\t\t\t\t\t\t\t<\/div>\n\t\t<div class=\"qodef-m-text qodef-text--copy\">\n\t\t\t\t\t\t\t<span class=\"qodef-m-text-item elementor-repeater-item-4e4218c\" >Oturma Guruplar\u0131<\/span>\n\t\t\t\t\t\t\t\t\t\t\t<span class=\"qodef-m-text-item elementor-repeater-item-c51472d\" >Mutfak dolaplar\u0131<\/span>\n\t\t\t\t\t\t\t\t\t\t\t<span class=\"qodef-m-text-item elementor-repeater-item-9a94e15\" >Yemek odalar\u0131<\/span>\n\t\t\t\t\t\t\t\t\t\t\t<span class=\"qodef-m-text-item elementor-repeater-item-3f56d6f\" >Gardroplar<\/span>\n\t\t\t\t\t\t\t\t\t\t\t<span class=\"qodef-m-text-item elementor-repeater-item-52c8ed2\" >\u00c7ocuk odalar\u0131<\/span>\n\t\t\t\t\t\t\t\t\t<\/div>\n\t<\/div>\n<\/div>\n\t\t\t\t<\/div>\n\t\t\t\t<\/div>\n\t\t\t\t<\/div>\n\t\t\t\t<\/div>\n\t\t","protected":false},"excerpt":{"rendered":"<p>Hemen ara Referanslar\u0131m\u0131zdan&#8230; Oturma Guruplar\u0131 Mutfak dolaplar\u0131 Yemek odalar\u0131 Gardroplar \u00c7ocuk odalar\u0131 Oturma Guruplar\u0131 Mutfak dolaplar\u0131 Yemek odalar\u0131 Gardroplar \u00c7ocuk odalar\u0131<\/p>\n","protected":false},"author":1,"featured_media":0,"parent":0,"menu_order":0,"comment_status":"closed","ping_status":"closed","template":"","meta":{"_kad_post_transparent":"","_kad_post_title":"hide","_kad_post_layout":"fullwidth","_kad_post_sidebar_id":"","_kad_post_content_style":"unboxed","_kad_post_vertical_padding":"hide","_kad_post_feature":"hide","_kad_post_feature_position":"","_kad_post_header":false,"_kad_post_footer":false,"_kad_post_classname":"","footnotes":""},"class_list":["post-6","page","type-page","status-publish","hentry"],"_links":{"self":[{"href":"https:\/\/afsanmobilya.com\/index.php\/wp-json\/wp\/v2\/pages\/6","targetHints":{"allow":["GET"]}}],"collection":[{"href":"https:\/\/afsanmobilya.com\/index.php\/wp-json\/wp\/v2\/pages"}],"about":[{"href":"https:\/\/afsanmobilya.com\/index.php\/wp-json\/wp\/v2\/types\/page"}],"author":[{"embeddable":true,"href":"https:\/\/afsanmobilya.com\/index.php\/wp-json\/wp\/v2\/users\/1"}],"replies":[{"embeddable":true,"href":"https:\/\/afsanmobilya.com\/index.php\/wp-json\/wp\/v2\/comments?post=6"}],"version-history":[{"count":85,"href":"https:\/\/afsanmobilya.com\/index.php\/wp-json\/wp\/v2\/pages\/6\/revisions"}],"predecessor-version":[{"id":322,"href":"https:\/\/afsanmobilya.com\/index.php\/wp-json\/wp\/v2\/pages\/6\/revisions\/322"}],"wp:attachment":[{"href":"https:\/\/afsanmobilya.com\/index.php\/wp-json\/wp\/v2\/media?parent=6"}],"curies":[{"name":"wp","href":"https:\/\/api.w.org\/{rel}","templated":true}]}}